{"id":1144,"date":"2025-03-18T16:36:31","date_gmt":"2025-03-18T15:36:31","guid":{"rendered":"https:\/\/chezkahina.fr\/?page_id=1144"},"modified":"2025-06-05T16:06:04","modified_gmt":"2025-06-05T14:06:04","slug":"gallerie","status":"publish","type":"page","link":"https:\/\/chezkahina.fr\/?page_id=1144","title":{"rendered":"Gallerie"},"content":{"rendered":"\t\t<div data-elementor-type=\"wp-page\" data-elementor-id=\"1144\" class=\"elementor elementor-1144\">\n\t\t\t\t<div class=\"elementor-element elementor-element-fbafa4c e-con-full e-flex e-con e-parent\" data-id=\"fbafa4c\" data-element_type=\"container\">\n\t\t\t\t<div class=\"elementor-element elementor-element-e80d0a0 elementor-widget elementor-widget-image-gallery\" data-id=\"e80d0a0\" data-element_type=\"widget\" data-widget_type=\"image-gallery.default\">\n\t\t\t\t<div class=\"elementor-widget-container\">\n\t\t\t\t\t\t\t<div class=\"elementor-image-gallery\">\n\t\t\t<div id='gallery-1' class='gallery galleryid-1144 gallery-columns-4 gallery-size-thumbnail'><figure class='gallery-item'>\n\t\t\t<div class='gallery-icon portrait'>\n\t\t\t\t<a data-elementor-open-lightbox=\"yes\" data-elementor-lightbox-slideshow=\"e80d0a0\" data-elementor-lightbox-title=\"Dolmen d&#039;Urbe \u00e0 Crocq\" data-e-action-hash=\"#elementor-action%3Aaction%3Dlightbox%26settings%3DeyJpZCI6MTIxNiwidXJsIjoiaHR0cHM6XC9cL2NoZXprYWhpbmEuZnJcL3dwLWNvbnRlbnRcL3VwbG9hZHNcLzIwMjVcLzAzXC80NDdFMzNFOS05MTQzLTQ0OTktQkRBOS00QjBERDQ2QzE1MEEtMS1zY2FsZWQuanBlZyIsInNsaWRlc2hvdyI6ImU4MGQwYTAifQ%3D%3D\" href='https:\/\/chezkahina.fr\/wp-content\/uploads\/2025\/03\/447E33E9-9143-4499-BDA9-4B0DD46C150A-1-scaled.jpeg'><img decoding=\"async\" width=\"150\" height=\"150\" src=\"https:\/\/chezkahina.fr\/wp-content\/uploads\/2025\/03\/447E33E9-9143-4499-BDA9-4B0DD46C150A-1-150x150.jpeg\" class=\"attachment-thumbnail size-thumbnail\" alt=\"dolmen d&#039;Urbe proche chez Kahina paradis des f\u00e9es et des druides, pierre lev\u00e9e, dolmen de saint-alvard, d\u00e9partement de la creuse, chambre fun\u00e9raire\" aria-describedby=\"gallery-1-1216\" \/><\/a>\n\t\t\t<\/div>\n\t\t\t\t<figcaption class='wp-caption-text gallery-caption' id='gallery-1-1216'>\n\t\t\t\tdolmen Crocq\n\t\t\t\t<\/figcaption><\/figure><figure class='gallery-item'>\n\t\t\t<div class='gallery-icon portrait'>\n\t\t\t\t<a data-elementor-open-lightbox=\"yes\" data-elementor-lightbox-slideshow=\"e80d0a0\" data-elementor-lightbox-title=\"salle a manger chez kahina ancien hotel Robert a giat\" data-e-action-hash=\"#elementor-action%3Aaction%3Dlightbox%26settings%3DeyJpZCI6MTIxMywidXJsIjoiaHR0cHM6XC9cL2NoZXprYWhpbmEuZnJcL3dwLWNvbnRlbnRcL3VwbG9hZHNcLzIwMjVcLzAzXC9GRUZFMkYxQS00RDhBLTRBRTctOUU2Ri1EMDk2RDNCOEYwOUYtc2NhbGVkLmpwZWciLCJzbGlkZXNob3ciOiJlODBkMGEwIn0%3D\" href='https:\/\/chezkahina.fr\/wp-content\/uploads\/2025\/03\/FEFE2F1A-4D8A-4AE7-9E6F-D096D3B8F09F-scaled.jpeg'><img decoding=\"async\" width=\"150\" height=\"150\" src=\"https:\/\/chezkahina.fr\/wp-content\/uploads\/2025\/03\/FEFE2F1A-4D8A-4AE7-9E6F-D096D3B8F09F-150x150.jpeg\" class=\"attachment-thumbnail size-thumbnail\" alt=\"h\u00f4tel robert\" aria-describedby=\"gallery-1-1213\" \/><\/a>\n\t\t\t<\/div>\n\t\t\t\t<figcaption class='wp-caption-text gallery-caption' id='gallery-1-1213'>\n\t\t\t\tla salle \u00e0 manger \n\t\t\t\t<\/figcaption><\/figure><figure class='gallery-item'>\n\t\t\t<div class='gallery-icon landscape'>\n\t\t\t\t<a data-elementor-open-lightbox=\"yes\" data-elementor-lightbox-slideshow=\"e80d0a0\" data-elementor-lightbox-title=\"cour jp\" data-e-action-hash=\"#elementor-action%3Aaction%3Dlightbox%26settings%3DeyJpZCI6MTE2OSwidXJsIjoiaHR0cHM6XC9cL2NoZXprYWhpbmEuZnJcL3dwLWNvbnRlbnRcL3VwbG9hZHNcLzIwMjVcLzAzXC9jb3VyLWpwLmpwZyIsInNsaWRlc2hvdyI6ImU4MGQwYTAifQ%3D%3D\" href='https:\/\/chezkahina.fr\/wp-content\/uploads\/2025\/03\/cour-jp.jpg'><img decoding=\"async\" width=\"150\" height=\"150\" src=\"https:\/\/chezkahina.fr\/wp-content\/uploads\/2025\/03\/cour-jp-150x150.jpg\" class=\"attachment-thumbnail size-thumbnail\" alt=\"\" aria-describedby=\"gallery-1-1169\" \/><\/a>\n\t\t\t<\/div>\n\t\t\t\t<figcaption class='wp-caption-text gallery-caption' id='gallery-1-1169'>\n\t\t\t\tla cour int\u00e9rieur \n\t\t\t\t<\/figcaption><\/figure><figure class='gallery-item'>\n\t\t\t<div class='gallery-icon portrait'>\n\t\t\t\t<a data-elementor-open-lightbox=\"yes\" data-elementor-lightbox-slideshow=\"e80d0a0\" data-elementor-lightbox-title=\"salle\" data-e-action-hash=\"#elementor-action%3Aaction%3Dlightbox%26settings%3DeyJpZCI6MTIyOCwidXJsIjoiaHR0cHM6XC9cL2NoZXprYWhpbmEuZnJcL3dwLWNvbnRlbnRcL3VwbG9hZHNcLzIwMjVcLzAzXC9zYWxsZS5qcGciLCJzbGlkZXNob3ciOiJlODBkMGEwIn0%3D\" href='https:\/\/chezkahina.fr\/wp-content\/uploads\/2025\/03\/salle.jpg'><img loading=\"lazy\" decoding=\"async\" width=\"150\" height=\"150\" src=\"https:\/\/chezkahina.fr\/wp-content\/uploads\/2025\/03\/salle-150x150.jpg\" class=\"attachment-thumbnail size-thumbnail\" alt=\"table d&#039;h\u00f4tes, salle de reception, salle de petit d\u00e9jeuner, salle polyvalente, noces, \u00e9venement\" aria-describedby=\"gallery-1-1228\" \/><\/a>\n\t\t\t<\/div>\n\t\t\t\t<figcaption class='wp-caption-text gallery-caption' id='gallery-1-1228'>\n\t\t\t\tSalle \u00e0 manger \n\t\t\t\t<\/figcaption><\/figure><figure class='gallery-item'>\n\t\t\t<div class='gallery-icon portrait'>\n\t\t\t\t<a data-elementor-open-lightbox=\"yes\" data-elementor-lightbox-slideshow=\"e80d0a0\" data-elementor-lightbox-title=\"fleure sauvage\" data-e-action-hash=\"#elementor-action%3Aaction%3Dlightbox%26settings%3DeyJpZCI6MTIyNywidXJsIjoiaHR0cHM6XC9cL2NoZXprYWhpbmEuZnJcL3dwLWNvbnRlbnRcL3VwbG9hZHNcLzIwMjVcLzAzXC9mbGV1cmUtc2F1dmFnZS5qcGciLCJzbGlkZXNob3ciOiJlODBkMGEwIn0%3D\" href='https:\/\/chezkahina.fr\/wp-content\/uploads\/2025\/03\/fleure-sauvage.jpg'><img loading=\"lazy\" decoding=\"async\" width=\"150\" height=\"150\" src=\"https:\/\/chezkahina.fr\/wp-content\/uploads\/2025\/03\/fleure-sauvage-150x150.jpg\" class=\"attachment-thumbnail size-thumbnail\" alt=\"fleurs des champs, decoration soign\u00e9e, champ\u00eatre, color\u00e9es\" aria-describedby=\"gallery-1-1227\" \/><\/a>\n\t\t\t<\/div>\n\t\t\t\t<figcaption class='wp-caption-text gallery-caption' id='gallery-1-1227'>\n\t\t\t\tfleurs des champs\n\t\t\t\t<\/figcaption><\/figure><figure class='gallery-item'>\n\t\t\t<div class='gallery-icon landscape'>\n\t\t\t\t<a data-elementor-open-lightbox=\"yes\" data-elementor-lightbox-slideshow=\"e80d0a0\" data-elementor-lightbox-title=\"clown\" data-e-action-hash=\"#elementor-action%3Aaction%3Dlightbox%26settings%3DeyJpZCI6MTIyNiwidXJsIjoiaHR0cHM6XC9cL2NoZXprYWhpbmEuZnJcL3dwLWNvbnRlbnRcL3VwbG9hZHNcLzIwMjVcLzAzXC9jbG93bi5qcGciLCJzbGlkZXNob3ciOiJlODBkMGEwIn0%3D\" href='https:\/\/chezkahina.fr\/wp-content\/uploads\/2025\/03\/clown.jpg'><img loading=\"lazy\" decoding=\"async\" width=\"150\" height=\"119\" src=\"https:\/\/chezkahina.fr\/wp-content\/uploads\/2025\/03\/clown-150x119.jpg\" class=\"attachment-thumbnail size-thumbnail\" alt=\"clowns entre amis , culture, animation, \u00e9v\u00e9nement, chezkahina\" aria-describedby=\"gallery-1-1226\" \/><\/a>\n\t\t\t<\/div>\n\t\t\t\t<figcaption class='wp-caption-text gallery-caption' id='gallery-1-1226'>\n\t\t\t\tles amis clowns\n\t\t\t\t<\/figcaption><\/figure><figure class='gallery-item'>\n\t\t\t<div class='gallery-icon landscape'>\n\t\t\t\t<a data-elementor-open-lightbox=\"yes\" data-elementor-lightbox-slideshow=\"e80d0a0\" data-elementor-lightbox-title=\"clown 2\" data-e-action-hash=\"#elementor-action%3Aaction%3Dlightbox%26settings%3DeyJpZCI6MTIyNSwidXJsIjoiaHR0cHM6XC9cL2NoZXprYWhpbmEuZnJcL3dwLWNvbnRlbnRcL3VwbG9hZHNcLzIwMjVcLzAzXC9jbG93bi0yLmpwZyIsInNsaWRlc2hvdyI6ImU4MGQwYTAifQ%3D%3D\" href='https:\/\/chezkahina.fr\/wp-content\/uploads\/2025\/03\/clown-2.jpg'><img loading=\"lazy\" decoding=\"async\" width=\"150\" height=\"119\" src=\"https:\/\/chezkahina.fr\/wp-content\/uploads\/2025\/03\/clown-2-150x119.jpg\" class=\"attachment-thumbnail size-thumbnail\" alt=\"clowns entre amis , culture, animation, \u00e9v\u00e9nement, chezkahina\" aria-describedby=\"gallery-1-1225\" \/><\/a>\n\t\t\t<\/div>\n\t\t\t\t<figcaption class='wp-caption-text gallery-caption' id='gallery-1-1225'>\n\t\t\t\tles amis clowns \n\t\t\t\t<\/figcaption><\/figure><figure class='gallery-item'>\n\t\t\t<div class='gallery-icon landscape'>\n\t\t\t\t<a data-elementor-open-lightbox=\"yes\" data-elementor-lightbox-slideshow=\"e80d0a0\" data-elementor-lightbox-title=\"evjf\" data-e-action-hash=\"#elementor-action%3Aaction%3Dlightbox%26settings%3DeyJpZCI6MTI3OCwidXJsIjoiaHR0cHM6XC9cL2NoZXprYWhpbmEuZnJcL3dwLWNvbnRlbnRcL3VwbG9hZHNcLzIwMjVcLzAzXC9ENTc3NDNFQS1ERTVDLTQyNDYtOEZGMC0wQjc4ODFGRDBDMzAuanBlZyIsInNsaWRlc2hvdyI6ImU4MGQwYTAifQ%3D%3D\" href='https:\/\/chezkahina.fr\/wp-content\/uploads\/2025\/03\/D57743EA-DE5C-4246-8FF0-0B7881FD0C30.jpeg'><img loading=\"lazy\" decoding=\"async\" width=\"150\" height=\"150\" src=\"https:\/\/chezkahina.fr\/wp-content\/uploads\/2025\/03\/D57743EA-DE5C-4246-8FF0-0B7881FD0C30-150x150.jpeg\" class=\"attachment-thumbnail size-thumbnail\" alt=\"evjf entre fille, amies, week-end\" aria-describedby=\"gallery-1-1278\" \/><\/a>\n\t\t\t<\/div>\n\t\t\t\t<figcaption class='wp-caption-text gallery-caption' id='gallery-1-1278'>\n\t\t\t\tevjf \n\t\t\t\t<\/figcaption><\/figure><figure class='gallery-item'>\n\t\t\t<div class='gallery-icon landscape'>\n\t\t\t\t<a data-elementor-open-lightbox=\"yes\" data-elementor-lightbox-slideshow=\"e80d0a0\" data-elementor-lightbox-title=\"evjf\" data-e-action-hash=\"#elementor-action%3Aaction%3Dlightbox%26settings%3DeyJpZCI6MTI3OSwidXJsIjoiaHR0cHM6XC9cL2NoZXprYWhpbmEuZnJcL3dwLWNvbnRlbnRcL3VwbG9hZHNcLzIwMjVcLzAzXC9FOEFBQjc2Mi03N0EyLTRGMzUtOUQyNi00RTEwRDdFNUNEQkMuanBlZyIsInNsaWRlc2hvdyI6ImU4MGQwYTAifQ%3D%3D\" href='https:\/\/chezkahina.fr\/wp-content\/uploads\/2025\/03\/E8AAB762-77A2-4F35-9D26-4E10D7E5CDBC.jpeg'><img loading=\"lazy\" decoding=\"async\" width=\"150\" height=\"150\" src=\"https:\/\/chezkahina.fr\/wp-content\/uploads\/2025\/03\/E8AAB762-77A2-4F35-9D26-4E10D7E5CDBC-150x150.jpeg\" class=\"attachment-thumbnail size-thumbnail\" alt=\"evjf entrre fille , week end, animation divertissement privatisez le lieu\" aria-describedby=\"gallery-1-1279\" \/><\/a>\n\t\t\t<\/div>\n\t\t\t\t<figcaption class='wp-caption-text gallery-caption' id='gallery-1-1279'>\n\t\t\t\tevjf \n\t\t\t\t<\/figcaption><\/figure><figure class='gallery-item'>\n\t\t\t<div class='gallery-icon landscape'>\n\t\t\t\t<a data-elementor-open-lightbox=\"yes\" data-elementor-lightbox-slideshow=\"e80d0a0\" data-elementor-lightbox-title=\"Article de presse LaMontagne\" data-e-action-hash=\"#elementor-action%3Aaction%3Dlightbox%26settings%3DeyJpZCI6MTI4MCwidXJsIjoiaHR0cHM6XC9cL2NoZXprYWhpbmEuZnJcL3dwLWNvbnRlbnRcL3VwbG9hZHNcLzIwMjVcLzAzXC9CREJFRjNFNy1BNDE3LTRGQjEtQUVCNy0zQTM2MDI5RjU5QTUuanBlZyIsInNsaWRlc2hvdyI6ImU4MGQwYTAifQ%3D%3D\" href='https:\/\/chezkahina.fr\/wp-content\/uploads\/2025\/03\/BDBEF3E7-A417-4FB1-AEB7-3A36029F59A5.jpeg'><img loading=\"lazy\" decoding=\"async\" width=\"150\" height=\"150\" src=\"https:\/\/chezkahina.fr\/wp-content\/uploads\/2025\/03\/BDBEF3E7-A417-4FB1-AEB7-3A36029F59A5-150x150.jpeg\" class=\"attachment-thumbnail size-thumbnail\" alt=\"concept culture, cr\u00e9ation, cr\u00e9ativit\u00e9, union, solidatit\u00e9, partage de competence,\" aria-describedby=\"gallery-1-1280\" \/><\/a>\n\t\t\t<\/div>\n\t\t\t\t<figcaption class='wp-caption-text gallery-caption' id='gallery-1-1280'>\n\t\t\t\tArticle de presse LaMontagne \n\t\t\t\t<\/figcaption><\/figure><figure class='gallery-item'>\n\t\t\t<div class='gallery-icon landscape'>\n\t\t\t\t<a data-elementor-open-lightbox=\"yes\" data-elementor-lightbox-slideshow=\"e80d0a0\" data-elementor-lightbox-title=\"Salon des femmes et de leurs m\u00e9tier, @f\u00e9es\" data-e-action-hash=\"#elementor-action%3Aaction%3Dlightbox%26settings%3DeyJpZCI6MTMyMywidXJsIjoiaHR0cHM6XC9cL2NoZXprYWhpbmEuZnJcL3dwLWNvbnRlbnRcL3VwbG9hZHNcLzIwMjVcLzAzXC9DN0YxQUFCRC1EQTYzLTRGODEtOTdBQS1BMDgzOUZFOTA1RjkuanBlZyIsInNsaWRlc2hvdyI6ImU4MGQwYTAifQ%3D%3D\" href='https:\/\/chezkahina.fr\/wp-content\/uploads\/2025\/03\/C7F1AABD-DA63-4F81-97AA-A0839FE905F9.jpeg'><img loading=\"lazy\" decoding=\"async\" width=\"150\" height=\"150\" src=\"https:\/\/chezkahina.fr\/wp-content\/uploads\/2025\/03\/C7F1AABD-DA63-4F81-97AA-A0839FE905F9-150x150.jpeg\" class=\"attachment-thumbnail size-thumbnail\" alt=\"salon des femmes, sororit\u00e8, @f\u00e9es, entrepreneuses,\" aria-describedby=\"gallery-1-1323\" \/><\/a>\n\t\t\t<\/div>\n\t\t\t\t<figcaption class='wp-caption-text gallery-caption' id='gallery-1-1323'>\n\t\t\t\tSalon des femmes et de leurs m\u00e9tier, @f\u00e9es \n\t\t\t\t<\/figcaption><\/figure><figure class='gallery-item'>\n\t\t\t<div class='gallery-icon landscape'>\n\t\t\t\t<a data-elementor-open-lightbox=\"yes\" data-elementor-lightbox-slideshow=\"e80d0a0\" data-elementor-lightbox-title=\"Kahina mod\u00e9liste plasticienne\" data-e-action-hash=\"#elementor-action%3Aaction%3Dlightbox%26settings%3DeyJpZCI6MTI3NywidXJsIjoiaHR0cHM6XC9cL2NoZXprYWhpbmEuZnJcL3dwLWNvbnRlbnRcL3VwbG9hZHNcLzIwMjVcLzAzXC85MDc0Q0YzQy03NEU1LTQ5NkQtQkI1QS0wNzc2MjU2NDkzRTAuanBlZyIsInNsaWRlc2hvdyI6ImU4MGQwYTAifQ%3D%3D\" href='https:\/\/chezkahina.fr\/wp-content\/uploads\/2025\/03\/9074CF3C-74E5-496D-BB5A-0776256493E0.jpeg'><img loading=\"lazy\" decoding=\"async\" width=\"150\" height=\"150\" src=\"https:\/\/chezkahina.fr\/wp-content\/uploads\/2025\/03\/9074CF3C-74E5-496D-BB5A-0776256493E0-150x150.jpeg\" class=\"attachment-thumbnail size-thumbnail\" alt=\"kahina mod\u00e9liste plasticienne sculture modelage\" \/><\/a>\n\t\t\t<\/div><\/figure><figure class='gallery-item'>\n\t\t\t<div class='gallery-icon portrait'>\n\t\t\t\t<a data-elementor-open-lightbox=\"yes\" data-elementor-lightbox-slideshow=\"e80d0a0\" data-elementor-lightbox-title=\"l&#039;homme debout arbre atypique\" data-e-action-hash=\"#elementor-action%3Aaction%3Dlightbox%26settings%3DeyJpZCI6MTQ5OCwidXJsIjoiaHR0cHM6XC9cL2NoZXprYWhpbmEuZnJcL3dwLWNvbnRlbnRcL3VwbG9hZHNcLzIwMjVcLzAzXC81QkE2OTA3NS1CNThGLTQzQzktOTlENy1DNTRGQTVCMUIzRUYuanBlZyIsInNsaWRlc2hvdyI6ImU4MGQwYTAifQ%3D%3D\" href='https:\/\/chezkahina.fr\/wp-content\/uploads\/2025\/03\/5BA69075-B58F-43C9-99D7-C54FA5B1B3EF.jpeg'><img loading=\"lazy\" decoding=\"async\" width=\"150\" height=\"150\" src=\"https:\/\/chezkahina.fr\/wp-content\/uploads\/2025\/03\/5BA69075-B58F-43C9-99D7-C54FA5B1B3EF-150x150.jpeg\" class=\"attachment-thumbnail size-thumbnail\" alt=\"\" aria-describedby=\"gallery-1-1498\" \/><\/a>\n\t\t\t<\/div>\n\t\t\t\t<figcaption class='wp-caption-text gallery-caption' id='gallery-1-1498'>\n\t\t\t\tl&#8217;homme debout arbre atypique \n\t\t\t\t<\/figcaption><\/figure><figure class='gallery-item'>\n\t\t\t<div class='gallery-icon portrait'>\n\t\t\t\t<a data-elementor-open-lightbox=\"yes\" data-elementor-lightbox-slideshow=\"e80d0a0\" data-elementor-lightbox-title=\"exposition des d\u00e9masqu\u00e9s\" data-e-action-hash=\"#elementor-action%3Aaction%3Dlightbox%26settings%3DeyJpZCI6MTQ5OSwidXJsIjoiaHR0cHM6XC9cL2NoZXprYWhpbmEuZnJcL3dwLWNvbnRlbnRcL3VwbG9hZHNcLzIwMjVcLzAzXC9CQzhBQTJGMS0wNTlGLTQwRDQtODQ3Ri0wMUZEODc0NDlEOTAtMS5qcGVnIiwic2xpZGVzaG93IjoiZTgwZDBhMCJ9\" href='https:\/\/chezkahina.fr\/wp-content\/uploads\/2025\/03\/BC8AA2F1-059F-40D4-847F-01FD87449D90-1.jpeg'><img loading=\"lazy\" decoding=\"async\" width=\"150\" height=\"150\" src=\"https:\/\/chezkahina.fr\/wp-content\/uploads\/2025\/03\/BC8AA2F1-059F-40D4-847F-01FD87449D90-1-150x150.jpeg\" class=\"attachment-thumbnail size-thumbnail\" alt=\"\" aria-describedby=\"gallery-1-1499\" \/><\/a>\n\t\t\t<\/div>\n\t\t\t\t<figcaption class='wp-caption-text gallery-caption' id='gallery-1-1499'>\n\t\t\t\texposition des d\u00e9masqu\u00e9s\n\t\t\t\t<\/figcaption><\/figure><figure class='gallery-item'>\n\t\t\t<div class='gallery-icon portrait'>\n\t\t\t\t<a data-elementor-open-lightbox=\"yes\" data-elementor-lightbox-slideshow=\"e80d0a0\" data-elementor-lightbox-title=\"2967F720-B89A-4EB9-86EA-9C28CA180598\" data-e-action-hash=\"#elementor-action%3Aaction%3Dlightbox%26settings%3DeyJpZCI6MTUwMCwidXJsIjoiaHR0cHM6XC9cL2NoZXprYWhpbmEuZnJcL3dwLWNvbnRlbnRcL3VwbG9hZHNcLzIwMjVcLzAzXC8yOTY3RjcyMC1CODlBLTRFQjktODZFQS05QzI4Q0ExODA1OTgtc2NhbGVkLmpwZWciLCJzbGlkZXNob3ciOiJlODBkMGEwIn0%3D\" href='https:\/\/chezkahina.fr\/wp-content\/uploads\/2025\/03\/2967F720-B89A-4EB9-86EA-9C28CA180598-scaled.jpeg'><img loading=\"lazy\" decoding=\"async\" width=\"150\" height=\"150\" src=\"https:\/\/chezkahina.fr\/wp-content\/uploads\/2025\/03\/2967F720-B89A-4EB9-86EA-9C28CA180598-150x150.jpeg\" class=\"attachment-thumbnail size-thumbnail\" alt=\"Expo dans la nature &quot;d\u00e9smasqu\u00e9s&quot;\" \/><\/a>\n\t\t\t<\/div><\/figure><figure class='gallery-item'>\n\t\t\t<div class='gallery-icon landscape'>\n\t\t\t\t<a data-elementor-open-lightbox=\"yes\" data-elementor-lightbox-slideshow=\"e80d0a0\" data-elementor-lightbox-title=\"IMG-20250529-WA0008\" data-e-action-hash=\"#elementor-action%3Aaction%3Dlightbox%26settings%3DeyJpZCI6MTc4MywidXJsIjoiaHR0cHM6XC9cL2NoZXprYWhpbmEuZnJcL3dwLWNvbnRlbnRcL3VwbG9hZHNcLzIwMjVcLzA2XC9JTUctMjAyNTA1MjktV0EwMDA4LmpwZWciLCJzbGlkZXNob3ciOiJlODBkMGEwIn0%3D\" href='https:\/\/chezkahina.fr\/wp-content\/uploads\/2025\/06\/IMG-20250529-WA0008.jpeg'><img loading=\"lazy\" decoding=\"async\" width=\"150\" height=\"150\" src=\"https:\/\/chezkahina.fr\/wp-content\/uploads\/2025\/06\/IMG-20250529-WA0008-150x150.jpeg\" class=\"attachment-thumbnail size-thumbnail\" alt=\"\" \/><\/a>\n\t\t\t<\/div><\/figure><figure class='gallery-item'>\n\t\t\t<div class='gallery-icon landscape'>\n\t\t\t\t<a data-elementor-open-lightbox=\"yes\" data-elementor-lightbox-slideshow=\"e80d0a0\" data-elementor-lightbox-title=\"IMG-20250529-WA0021\" data-e-action-hash=\"#elementor-action%3Aaction%3Dlightbox%26settings%3DeyJpZCI6MTc4NCwidXJsIjoiaHR0cHM6XC9cL2NoZXprYWhpbmEuZnJcL3dwLWNvbnRlbnRcL3VwbG9hZHNcLzIwMjVcLzA2XC9JTUctMjAyNTA1MjktV0EwMDIxLmpwZWciLCJzbGlkZXNob3ciOiJlODBkMGEwIn0%3D\" href='https:\/\/chezkahina.fr\/wp-content\/uploads\/2025\/06\/IMG-20250529-WA0021.jpeg'><img loading=\"lazy\" decoding=\"async\" width=\"150\" height=\"150\" src=\"https:\/\/chezkahina.fr\/wp-content\/uploads\/2025\/06\/IMG-20250529-WA0021-150x150.jpeg\" class=\"attachment-thumbnail size-thumbnail\" alt=\"\" \/><\/a>\n\t\t\t<\/div><\/figure><figure class='gallery-item'>\n\t\t\t<div class='gallery-icon portrait'>\n\t\t\t\t<a data-elementor-open-lightbox=\"yes\" data-elementor-lightbox-slideshow=\"e80d0a0\" data-elementor-lightbox-title=\"IMG-20250529-WA0022\" data-e-action-hash=\"#elementor-action%3Aaction%3Dlightbox%26settings%3DeyJpZCI6MTc4MiwidXJsIjoiaHR0cHM6XC9cL2NoZXprYWhpbmEuZnJcL3dwLWNvbnRlbnRcL3VwbG9hZHNcLzIwMjVcLzA2XC9JTUctMjAyNTA1MjktV0EwMDIyLmpwZWciLCJzbGlkZXNob3ciOiJlODBkMGEwIn0%3D\" href='https:\/\/chezkahina.fr\/wp-content\/uploads\/2025\/06\/IMG-20250529-WA0022.jpeg'><img loading=\"lazy\" decoding=\"async\" width=\"150\" height=\"150\" src=\"https:\/\/chezkahina.fr\/wp-content\/uploads\/2025\/06\/IMG-20250529-WA0022-150x150.jpeg\" class=\"attachment-thumbnail size-thumbnail\" alt=\"\" \/><\/a>\n\t\t\t<\/div><\/figure><figure class='gallery-item'>\n\t\t\t<div class='gallery-icon portrait'>\n\t\t\t\t<a data-elementor-open-lightbox=\"yes\" data-elementor-lightbox-slideshow=\"e80d0a0\" data-elementor-lightbox-title=\"IMG-20250529-WA0005\" data-e-action-hash=\"#elementor-action%3Aaction%3Dlightbox%26settings%3DeyJpZCI6MTc4MSwidXJsIjoiaHR0cHM6XC9cL2NoZXprYWhpbmEuZnJcL3dwLWNvbnRlbnRcL3VwbG9hZHNcLzIwMjVcLzA2XC9JTUctMjAyNTA1MjktV0EwMDA1LmpwZWciLCJzbGlkZXNob3ciOiJlODBkMGEwIn0%3D\" href='https:\/\/chezkahina.fr\/wp-content\/uploads\/2025\/06\/IMG-20250529-WA0005.jpeg'><img loading=\"lazy\" decoding=\"async\" width=\"150\" height=\"150\" src=\"https:\/\/chezkahina.fr\/wp-content\/uploads\/2025\/06\/IMG-20250529-WA0005-150x150.jpeg\" class=\"attachment-thumbnail size-thumbnail\" alt=\"\" \/><\/a>\n\t\t\t<\/div><\/figure><figure class='gallery-item'>\n\t\t\t<div class='gallery-icon portrait'>\n\t\t\t\t<a data-elementor-open-lightbox=\"yes\" data-elementor-lightbox-slideshow=\"e80d0a0\" data-elementor-lightbox-title=\"IMG-20250526-WA0049\" data-e-action-hash=\"#elementor-action%3Aaction%3Dlightbox%26settings%3DeyJpZCI6MTc1OCwidXJsIjoiaHR0cHM6XC9cL2NoZXprYWhpbmEuZnJcL3dwLWNvbnRlbnRcL3VwbG9hZHNcLzIwMjVcLzA2XC9JTUctMjAyNTA1MjYtV0EwMDQ5LmpwZWciLCJzbGlkZXNob3ciOiJlODBkMGEwIn0%3D\" href='https:\/\/chezkahina.fr\/wp-content\/uploads\/2025\/06\/IMG-20250526-WA0049.jpeg'><img loading=\"lazy\" decoding=\"async\" width=\"150\" height=\"150\" src=\"https:\/\/chezkahina.fr\/wp-content\/uploads\/2025\/06\/IMG-20250526-WA0049-150x150.jpeg\" class=\"attachment-thumbnail size-thumbnail\" alt=\"\" \/><\/a>\n\t\t\t<\/div><\/figure><figure class='gallery-item'>\n\t\t\t<div class='gallery-icon portrait'>\n\t\t\t\t<a data-elementor-open-lightbox=\"yes\" data-elementor-lightbox-slideshow=\"e80d0a0\" data-elementor-lightbox-title=\"TERRE CRU CHEZKAHINA\" data-e-action-hash=\"#elementor-action%3Aaction%3Dlightbox%26settings%3DeyJpZCI6MTc2MCwidXJsIjoiaHR0cHM6XC9cL2NoZXprYWhpbmEuZnJcL3dwLWNvbnRlbnRcL3VwbG9hZHNcLzIwMjVcLzA2XC9JTUctMjAyNTA1MjYtV0EwMDMxLmpwZWciLCJzbGlkZXNob3ciOiJlODBkMGEwIn0%3D\" href='https:\/\/chezkahina.fr\/wp-content\/uploads\/2025\/06\/IMG-20250526-WA0031.jpeg'><img loading=\"lazy\" decoding=\"async\" width=\"150\" height=\"150\" src=\"https:\/\/chezkahina.fr\/wp-content\/uploads\/2025\/06\/IMG-20250526-WA0031-150x150.jpeg\" class=\"attachment-thumbnail size-thumbnail\" alt=\"\" \/><\/a>\n\t\t\t<\/div><\/figure><figure class='gallery-item'>\n\t\t\t<div class='gallery-icon portrait'>\n\t\t\t\t<a data-elementor-open-lightbox=\"yes\" data-elementor-lightbox-slideshow=\"e80d0a0\" data-elementor-lightbox-title=\"IMG-20250526-WA0026\" data-e-action-hash=\"#elementor-action%3Aaction%3Dlightbox%26settings%3DeyJpZCI6MTc1OSwidXJsIjoiaHR0cHM6XC9cL2NoZXprYWhpbmEuZnJcL3dwLWNvbnRlbnRcL3VwbG9hZHNcLzIwMjVcLzA2XC9JTUctMjAyNTA1MjYtV0EwMDI2LmpwZWciLCJzbGlkZXNob3ciOiJlODBkMGEwIn0%3D\" href='https:\/\/chezkahina.fr\/wp-content\/uploads\/2025\/06\/IMG-20250526-WA0026.jpeg'><img loading=\"lazy\" decoding=\"async\" width=\"150\" height=\"150\" src=\"https:\/\/chezkahina.fr\/wp-content\/uploads\/2025\/06\/IMG-20250526-WA0026-150x150.jpeg\" class=\"attachment-thumbnail size-thumbnail\" alt=\"\" \/><\/a>\n\t\t\t<\/div><\/figure>\n\t\t<\/div>\n\t\t<\/div>\n\t\t\t\t\t\t<\/div>\n\t\t\t\t<\/div>\n\t\t\t\t<\/div>\n\t\t<div class=\"elementor-element elementor-element-99d46c9 e-flex e-con-boxed e-con e-parent\" data-id=\"99d46c9\" data-element_type=\"container\">\n\t\t\t\t\t<div class=\"e-con-inner\">\n\t\t\t\t<div class=\"elementor-element elementor-element-96ac449 elementor-widget elementor-widget-heading\" data-id=\"96ac449\" data-element_type=\"widget\" data-widget_type=\"heading.default\">\n\t\t\t\t<div class=\"elementor-widget-container\">\n\t\t\t\t\t<h2 class=\"elementor-heading-title elementor-size-default\">Partenaires Actifs<\/h2>\t\t\t\t<\/div>\n\t\t\t\t<\/div>\n\t\t\t\t\t<\/div>\n\t\t\t\t<\/div>\n\t\t<div class=\"elementor-element elementor-element-7cecd59 e-flex e-con-boxed e-con e-parent\" data-id=\"7cecd59\" data-element_type=\"container\">\n\t\t\t\t\t<div class=\"e-con-inner\">\n\t\t\t\t<div class=\"elementor-element elementor-element-ad48913 elementor-widget elementor-widget-text-editor\" data-id=\"ad48913\" data-element_type=\"widget\" data-widget_type=\"text-editor.default\">\n\t\t\t\t<div class=\"elementor-widget-container\">\n\t\t\t\t\t\t\t\t\t<p><a href=\"https:\/\/www.mursdart.fr\/\">Fabrice Courtadon<\/a> &#8211; Photographe\u00a0<\/p>\t\t\t\t\t\t\t\t<\/div>\n\t\t\t\t<\/div>\n\t\t\t\t<div class=\"elementor-element elementor-element-b57972b elementor-widget elementor-widget-text-editor\" data-id=\"b57972b\" data-element_type=\"widget\" data-widget_type=\"text-editor.default\">\n\t\t\t\t<div class=\"elementor-widget-container\">\n\t\t\t\t\t\t\t\t\t<p><a href=\"https:\/\/www.instagram.com\/regarddelinstant\/\" data-wplink-edit=\"true\">Gwenole Camus<\/a> &#8211; Photographe\u00a0<\/p>\t\t\t\t\t\t\t\t<\/div>\n\t\t\t\t<\/div>\n\t\t\t\t\t<\/div>\n\t\t\t\t<\/div>\n\t\t\t\t<\/div>\n\t\t","protected":false},"excerpt":{"rendered":"<p>dolmen Crocq la salle \u00e0 manger la cour int\u00e9rieur Salle \u00e0 manger fleurs des champs les amis clowns les amis clowns evjf evjf Article de presse LaMontagne Salon des femmes&#8230;<\/p>\n","protected":false},"author":1,"featured_media":0,"parent":0,"menu_order":0,"comment_status":"closed","ping_status":"closed","template":"","meta":{"_kadence_starter_templates_imported_post":false,"_kad_post_transparent":"","_kad_post_title":"hide","_kad_post_layout":"fullwidth","_kad_post_sidebar_id":"","_kad_post_content_style":"unboxed","_kad_post_vertical_padding":"hide","_kad_post_feature":"hide","_kad_post_feature_position":"","_kad_post_header":false,"_kad_post_footer":false,"footnotes":""},"class_list":["post-1144","page","type-page","status-publish","hentry"],"_links":{"self":[{"href":"https:\/\/chezkahina.fr\/index.php?rest_route=\/wp\/v2\/pages\/1144","targetHints":{"allow":["GET"]}}],"collection":[{"href":"https:\/\/chezkahina.fr\/index.php?rest_route=\/wp\/v2\/pages"}],"about":[{"href":"https:\/\/chezkahina.fr\/index.php?rest_route=\/wp\/v2\/types\/page"}],"author":[{"embeddable":true,"href":"https:\/\/chezkahina.fr\/index.php?rest_route=\/wp\/v2\/users\/1"}],"replies":[{"embeddable":true,"href":"https:\/\/chezkahina.fr\/index.php?rest_route=%2Fwp%2Fv2%2Fcomments&post=1144"}],"version-history":[{"count":64,"href":"https:\/\/chezkahina.fr\/index.php?rest_route=\/wp\/v2\/pages\/1144\/revisions"}],"predecessor-version":[{"id":1831,"href":"https:\/\/chezkahina.fr\/index.php?rest_route=\/wp\/v2\/pages\/1144\/revisions\/1831"}],"wp:attachment":[{"href":"https:\/\/chezkahina.fr\/index.php?rest_route=%2Fwp%2Fv2%2Fmedia&parent=1144"}],"curies":[{"name":"wp","href":"https:\/\/api.w.org\/{rel}","templated":true}]}}