{"id":1282,"date":"2025-03-25T11:59:26","date_gmt":"2025-03-25T10:59:26","guid":{"rendered":"https:\/\/chezkahina.fr\/?page_id=1282"},"modified":"2025-03-25T12:10:30","modified_gmt":"2025-03-25T11:10:30","slug":"elementor-1282","status":"publish","type":"page","link":"https:\/\/chezkahina.fr\/?page_id=1282","title":{"rendered":"Mentions l\u00e9gales"},"content":{"rendered":"\t\t<div data-elementor-type=\"wp-page\" data-elementor-id=\"1282\" class=\"elementor elementor-1282\">\n\t\t\t\t<div class=\"elementor-element elementor-element-bcfd96d e-flex e-con-boxed e-con e-parent\" data-id=\"bcfd96d\" data-element_type=\"container\">\n\t\t\t\t\t<div class=\"e-con-inner\">\n\t\t\t\t<div class=\"elementor-element elementor-element-7b2a5eb elementor-widget elementor-widget-heading\" data-id=\"7b2a5eb\" data-element_type=\"widget\" data-widget_type=\"heading.default\">\n\t\t\t\t<div class=\"elementor-widget-container\">\n\t\t\t\t\t<h2 class=\"elementor-heading-title elementor-size-default\">Mentions l\u00e9gales\n<\/h2>\t\t\t\t<\/div>\n\t\t\t\t<\/div>\n\t\t\t\t\t<\/div>\n\t\t\t\t<\/div>\n\t\t<div class=\"elementor-element elementor-element-1b91faf e-flex e-con-boxed e-con e-parent\" data-id=\"1b91faf\" data-element_type=\"container\">\n\t\t\t\t\t<div class=\"e-con-inner\">\n\t\t\t\t<div class=\"elementor-element elementor-element-7772075 elementor-widget elementor-widget-text-editor\" data-id=\"7772075\" data-element_type=\"widget\" data-widget_type=\"text-editor.default\">\n\t\t\t\t<div class=\"elementor-widget-container\">\n\t\t\t\t\t\t\t\t\t<p>EI GHARBI KAHINA<\/p><p>\u2022 Entreprise Individuelle GHARBI KAHINA <br \/>\u2022 Adresse : 2 rue de l\u2019H\u00f4tel de Ville 63620 GIAT <br \/>\u2022 Mail kahinagharbi@gmail.com<br \/>\u2022 SIRET 978 796 670 000 13<\/p><p><br \/>\u2022 O2Switch<br \/>\u2022 o2switch<br \/>\u2022 Chemin des Pardiaux, 63000, Clermont-Ferrand, France<br \/>\u2022 T\u00e9l\u00e9phone : 04 44 44 60 40<br \/>\u200b<br \/>\u2022 PR\u00c9SENTATION DU SITE<br \/>\u200b<br \/>\u2022 Notre site internet pr\u00e9sente nos activit\u00e9s et nos diff\u00e9rentes publications.<br \/>\u200b<br \/>\u2022 CONDITIONS D\u2019ACC\u00c8S G\u00c9N\u00c9RALES<br \/>\u200b\u200b<br \/>\u2022 Tous les co\u00fbts aff\u00e9rents \u00e0 l\u2019acc\u00e8s au Site, que ce soient les frais mat\u00e9riels, logiciels ou d\u2019acc\u00e8s \u00e0 internet sont exclusivement \u00e0 la charge de l\u2019Utilisateur. Il est seul responsable du bon fonctionnement de son \u00e9quipement informatique ainsi que de son acc\u00e8s \u00e0 Internet.\u2028EI GHARBI KAHINA met en \u0153uvre tous les moyens raisonnables \u00e0 sa disposition pour assurer un acc\u00e8s de qualit\u00e9 au Site, mais n\u2019est tenu \u00e0 aucune obligation d\u2019y parvenir.\u2028EI GHARBI KAHINA ne peut, en outre, \u00eatre tenue responsable de tout dysfonctionnement du r\u00e9seau ou des serveurs ou de tout autre \u00e9v\u00e9nement \u00e9chappant au contr\u00f4le raisonnable, qui emp\u00eacherait ou d\u00e9graderait l\u2019acc\u00e8s au Site.\u2028EI GHARBI KAHINA se r\u00e9serve la possibilit\u00e9 d\u2019interrompre, de suspendre momentan\u00e9ment ou de modifier sans pr\u00e9avis l\u2019acc\u00e8s \u00e0 tout ou partie du Site, afin d\u2019en assurer la maintenance, ou pour toute autre raison, sans que l\u2019interruption n\u2019ouvre droit \u00e0 aucune obligation ni indemnisation.<br \/>\u200b<br \/>\u2022 5. CONDITIONS D\u2019ACC\u00c8S AU SITE<br \/>\u200b<br \/>\u2022 L\u2019acc\u00e8s au Site est libre et gratuit et ne n\u00e9cessite pas d\u2019inscription pr\u00e9alable.<br \/>\u200b<br \/>\u2022 6. PROPRI\u00c9T\u00c9 INTELLECTUELLE<br \/>\u200b\u200b<br \/>\u2022 L\u2019ensemble des \u00e9l\u00e9ments qui figurant sur le Site de EI GHARBI KAHINA sont prot\u00e9g\u00e9s par la l\u00e9gislation fran\u00e7aise sur le droit d\u2019auteur et le droit des marques.\u2028L\u2019ensemble des \u00e9l\u00e9ments du site, les marques, logos, dessins, graphismes, chartes graphiques, ic\u00f4nes, textes, applications, scripts, fonctionnalit\u00e9, ainsi que leur s\u00e9lection ou combinaison apparaissant sur le site de EI GHARBI KAHINA ou sur les sous-domaines associ\u00e9s et les autres domaines du site internet (.fr, .net, eu, bzh), sont la propri\u00e9t\u00e9 exclusive de EI GHARBI KAHINA. L\u2019acc\u00e8s au Site n\u2019entra\u00eene aucune cession des droits susvis\u00e9s.\u2028Les droits d\u2019utilisation du site ne sont conc\u00e9d\u00e9s que sous forme num\u00e9rique aux fins de visualisation des pages consult\u00e9es, \u00e0 titre personnel, non cessible et non exclusif.\u2028L\u2019utilisateur s\u2019interdit de copier, reproduire, modifier, distribuer, afficher ou vendre, par quelque proc\u00e9d\u00e9 ou forme que ce soit, en tout ou partie, tout \u00e9l\u00e9ment du site ou se rapportant \u00e0 celui-ci, par quelque proc\u00e9d\u00e9 que ce soit, et pour toute autre finalit\u00e9 y compris \u00e0 titre commercial, sans l\u2019autorisation pr\u00e9alable et \u00e9crite de EI GHARBI KAHINAEn cas d\u2019utilisation ill\u00e9gale ou non autoris\u00e9e du Site, EI GHARBI KAHINA se r\u00e9serve le droit prendre toute mesure ad\u00e9quate qu\u2019elle estime n\u00e9cessaire et, le cas \u00e9ch\u00e9ant, d\u2019intenter toute action en justice appropri\u00e9e, et\/ou signaler l\u2019infraction aux autorit\u00e9s judiciaires et de police.<br \/>\u200b<br \/>\u2022 7. POLITIQUE DE PROTECTION DES DONN\u00c9ES PERSONNELLES ET COOKIES<br \/>\u200b<br \/>\u2022 Traitement de donn\u00e9es \u00e0 caract\u00e8re personnel\u2028s\u2019engage \u00e0 prot\u00e9ger la vie priv\u00e9e de ses utilisateurs dans le respect des r\u00e9glementations en vigueur et en particulier de la loi n\u00b078-17 \u00ab Informatique et Libert\u00e9s \u00bb du 6 janvier 1978 modifi\u00e9e et du R\u00e8glement EI GHARBI KAHINAn\u00b02016\/679 du Parlement europ\u00e9en et du Conseil du 27 avril 2016 relatif \u00e0 la protection des personnes physiques \u00e0 l\u2019\u00e9gard du traitement des donn\u00e9es \u00e0 caract\u00e8re personnel et \u00e0 la libre circulation de ces donn\u00e9es (\u00ab R\u00e8glement \u00bb).\u2028Dans le cadre de l\u2019exploitation du Site, EI GHARBI KAHINA peut collecter des donn\u00e9es vous concernant.\u2028Ces donn\u00e9es sont trait\u00e9es conform\u00e9ment aux finalit\u00e9s pr\u00e9vues lors de la collecte, certaines informations \u00e9tant obligatoires et d\u2019autres facultatives, indiqu\u00e9 l\u2019ast\u00e9risque (*) dans les formulaires de collecte.\u2028Ces donn\u00e9es sont trait\u00e9es conform\u00e9ment aux finalit\u00e9s pr\u00e9vues lors de la collecte, \u00e0 savoir :\u2028Gestion des formulaires de contact ;\u2028Gestion de l\u2019inscription \u00e0 des colloques.<\/p><p style=\"text-align: center;\">La Commission europ\u00e9enne fournit une plateforme de r\u00e8glement des litiges en ligne (OS). Cette plateforme est disponible \u00e0 l&#8217;adresse\u00a0http:\/\/ec.europa.eu\/consumers\/odr\/.\u00a0En tant que client, vous avez toujours la possibilit\u00e9 de contacter le conseil d&#8217;arbitrage de la Commission europ\u00e9enne. Nous ne sommes ni dispos\u00e9s \u00e0, ni oblig\u00e9s de, participer \u00e0 une proc\u00e9dure de r\u00e8glement des litiges devant un conseil d&#8217;arbitrage de la consommation.<\/p>\t\t\t\t\t\t\t\t<\/div>\n\t\t\t\t<\/div>\n\t\t\t\t\t<\/div>\n\t\t\t\t<\/div>\n\t\t\t\t<\/div>\n\t\t","protected":false},"excerpt":{"rendered":"<p>Mentions l\u00e9gales EI GHARBI KAHINA \u2022 Entreprise Individuelle GHARBI KAHINA \u2022 Adresse : 2 rue de l\u2019H\u00f4tel de Ville 63620 GIAT \u2022 Mail kahinagharbi@gmail.com\u2022 SIRET 978 796 670 000 13&#8230;<\/p>\n","protected":false},"author":1,"featured_media":0,"parent":0,"menu_order":0,"comment_status":"closed","ping_status":"closed","template":"","meta":{"_kadence_starter_templates_imported_post":false,"_kad_post_transparent":"","_kad_post_title":"hide","_kad_post_layout":"fullwidth","_kad_post_sidebar_id":"","_kad_post_content_style":"unboxed","_kad_post_vertical_padding":"hide","_kad_post_feature":"hide","_kad_post_feature_position":"","_kad_post_header":false,"_kad_post_footer":false,"footnotes":""},"class_list":["post-1282","page","type-page","status-publish","hentry"],"_links":{"self":[{"href":"https:\/\/chezkahina.fr\/index.php?rest_route=\/wp\/v2\/pages\/1282","targetHints":{"allow":["GET"]}}],"collection":[{"href":"https:\/\/chezkahina.fr\/index.php?rest_route=\/wp\/v2\/pages"}],"about":[{"href":"https:\/\/chezkahina.fr\/index.php?rest_route=\/wp\/v2\/types\/page"}],"author":[{"embeddable":true,"href":"https:\/\/chezkahina.fr\/index.php?rest_route=\/wp\/v2\/users\/1"}],"replies":[{"embeddable":true,"href":"https:\/\/chezkahina.fr\/index.php?rest_route=%2Fwp%2Fv2%2Fcomments&post=1282"}],"version-history":[{"count":7,"href":"https:\/\/chezkahina.fr\/index.php?rest_route=\/wp\/v2\/pages\/1282\/revisions"}],"predecessor-version":[{"id":1290,"href":"https:\/\/chezkahina.fr\/index.php?rest_route=\/wp\/v2\/pages\/1282\/revisions\/1290"}],"wp:attachment":[{"href":"https:\/\/chezkahina.fr\/index.php?rest_route=%2Fwp%2Fv2%2Fmedia&parent=1282"}],"curies":[{"name":"wp","href":"https:\/\/api.w.org\/{rel}","templated":true}]}}