{"id":382,"date":"2021-10-20T14:12:06","date_gmt":"2021-10-20T14:12:06","guid":{"rendered":"https:\/\/kits.themecy.com\/memberships-1\/?page_id=382"},"modified":"2025-04-03T11:45:53","modified_gmt":"2025-04-03T09:45:53","slug":"bridal-makeup","status":"publish","type":"page","link":"https:\/\/chezkahina.fr\/?page_id=382","title":{"rendered":"Nos services"},"content":{"rendered":"\t\t<div data-elementor-type=\"wp-page\" data-elementor-id=\"382\" class=\"elementor elementor-382\">\n\t\t\t\t<div class=\"elementor-element elementor-element-54c5ae44 e-flex e-con-boxed e-con e-parent\" data-id=\"54c5ae44\" data-element_type=\"container\" data-settings=\"{&quot;background_background&quot;:&quot;classic&quot;,&quot;shape_divider_bottom&quot;:&quot;curve&quot;,&quot;shape_divider_bottom_negative&quot;:&quot;yes&quot;}\">\n\t\t\t\t\t<div class=\"e-con-inner\">\n\t\t\t\t<div class=\"elementor-shape elementor-shape-bottom\" data-negative=\"true\">\n\t\t\t<svg xmlns=\"http:\/\/www.w3.org\/2000\/svg\" viewBox=\"0 0 1000 100\" preserveAspectRatio=\"none\">\n\t<path class=\"elementor-shape-fill\" d=\"M500,97C126.7,96.3,0.8,19.8,0,0v100l1000,0V1C1000,19.4,873.3,97.8,500,97z\"\/>\n<\/svg>\t\t<\/div>\n\t\t<div class=\"elementor-element elementor-element-535814a0 e-con-full e-flex e-con e-child\" data-id=\"535814a0\" data-element_type=\"container\">\n\t\t\t\t<div class=\"elementor-element elementor-element-181abea3 elementor-widget elementor-widget-heading\" data-id=\"181abea3\" data-element_type=\"widget\" data-widget_type=\"heading.default\">\n\t\t\t\t<div class=\"elementor-widget-container\">\n\t\t\t\t\t<div class=\"elementor-heading-title elementor-size-default\">Pour vous servir !          \n\n\n<\/div>\t\t\t\t<\/div>\n\t\t\t\t<\/div>\n\t\t\t\t<div class=\"elementor-element elementor-element-26d29d3b elementor-widget elementor-widget-heading\" data-id=\"26d29d3b\" data-element_type=\"widget\" data-widget_type=\"heading.default\">\n\t\t\t\t<div class=\"elementor-widget-container\">\n\t\t\t\t\t<h1 class=\"elementor-heading-title elementor-size-default\"><br>VOTRE CONFORT, NOS SERVICES, LE MATERIEL<\/h1>\t\t\t\t<\/div>\n\t\t\t\t<\/div>\n\t\t\t\t<div class=\"elementor-element elementor-element-6ba72c58 elementor-view-default elementor-widget elementor-widget-icon\" data-id=\"6ba72c58\" data-element_type=\"widget\" data-widget_type=\"icon.default\">\n\t\t\t\t<div class=\"elementor-widget-container\">\n\t\t\t\t\t\t\t<div class=\"elementor-icon-wrapper\">\n\t\t\t<div class=\"elementor-icon\">\n\t\t\t<svg aria-hidden=\"true\" class=\"e-font-icon-svg e-fas-biking\" viewBox=\"0 0 640 512\" xmlns=\"http:\/\/www.w3.org\/2000\/svg\"><path d=\"M400 96a48 48 0 1 0-48-48 48 48 0 0 0 48 48zm-4 121a31.9 31.9 0 0 0 20 7h64a32 32 0 0 0 0-64h-52.78L356 103a31.94 31.94 0 0 0-40.81.68l-112 96a32 32 0 0 0 3.08 50.92L288 305.12V416a32 32 0 0 0 64 0V288a32 32 0 0 0-14.25-26.62l-41.36-27.57 58.25-49.92zm116 39a128 128 0 1 0 128 128 128 128 0 0 0-128-128zm0 192a64 64 0 1 1 64-64 64 64 0 0 1-64 64zM128 256a128 128 0 1 0 128 128 128 128 0 0 0-128-128zm0 192a64 64 0 1 1 64-64 64 64 0 0 1-64 64z\"><\/path><\/svg>\t\t\t<\/div>\n\t\t<\/div>\n\t\t\t\t\t\t<\/div>\n\t\t\t\t<\/div>\n\t\t\t\t<div class=\"elementor-element elementor-element-b8de1d5 elementor-view-default elementor-widget elementor-widget-icon\" data-id=\"b8de1d5\" data-element_type=\"widget\" data-widget_type=\"icon.default\">\n\t\t\t\t<div class=\"elementor-widget-container\">\n\t\t\t\t\t\t\t<div class=\"elementor-icon-wrapper\">\n\t\t\t<div class=\"elementor-icon\">\n\t\t\t<svg aria-hidden=\"true\" class=\"e-font-icon-svg e-fas-wifi\" viewBox=\"0 0 640 512\" xmlns=\"http:\/\/www.w3.org\/2000\/svg\"><path d=\"M634.91 154.88C457.74-8.99 182.19-8.93 5.09 154.88c-6.66 6.16-6.79 16.59-.35 22.98l34.24 33.97c6.14 6.1 16.02 6.23 22.4.38 145.92-133.68 371.3-133.71 517.25 0 6.38 5.85 16.26 5.71 22.4-.38l34.24-33.97c6.43-6.39 6.3-16.82-.36-22.98zM320 352c-35.35 0-64 28.65-64 64s28.65 64 64 64 64-28.65 64-64-28.65-64-64-64zm202.67-83.59c-115.26-101.93-290.21-101.82-405.34 0-6.9 6.1-7.12 16.69-.57 23.15l34.44 33.99c6 5.92 15.66 6.32 22.05.8 83.95-72.57 209.74-72.41 293.49 0 6.39 5.52 16.05 5.13 22.05-.8l34.44-33.99c6.56-6.46 6.33-17.06-.56-23.15z\"><\/path><\/svg>\t\t\t<\/div>\n\t\t<\/div>\n\t\t\t\t\t\t<\/div>\n\t\t\t\t<\/div>\n\t\t\t\t<div class=\"elementor-element elementor-element-12800af elementor-view-default elementor-widget elementor-widget-icon\" data-id=\"12800af\" data-element_type=\"widget\" data-widget_type=\"icon.default\">\n\t\t\t\t<div class=\"elementor-widget-container\">\n\t\t\t\t\t\t\t<div class=\"elementor-icon-wrapper\">\n\t\t\t<div class=\"elementor-icon\">\n\t\t\t<svg aria-hidden=\"true\" class=\"e-font-icon-svg e-fas-coffee\" viewBox=\"0 0 640 512\" xmlns=\"http:\/\/www.w3.org\/2000\/svg\"><path d=\"M192 384h192c53 0 96-43 96-96h32c70.6 0 128-57.4 128-128S582.6 32 512 32H120c-13.3 0-24 10.7-24 24v232c0 53 43 96 96 96zM512 96c35.3 0 64 28.7 64 64s-28.7 64-64 64h-32V96h32zm47.7 384H48.3c-47.6 0-61-64-36-64h583.3c25 0 11.8 64-35.9 64z\"><\/path><\/svg>\t\t\t<\/div>\n\t\t<\/div>\n\t\t\t\t\t\t<\/div>\n\t\t\t\t<\/div>\n\t\t\t\t<div class=\"elementor-element elementor-element-7c1727dd animated-slow elementor-hidden-mobile elementor-absolute elementor-hidden-tablet elementor-invisible elementor-widget elementor-widget-text-path\" data-id=\"7c1727dd\" data-element_type=\"widget\" data-settings=\"{&quot;text&quot;:&quot;VOTRE CONFORT, NOS SERVICES, LE MATERIEL,&quot;,&quot;align&quot;:&quot;left&quot;,&quot;_animation&quot;:&quot;rotateIn&quot;,&quot;_position&quot;:&quot;absolute&quot;,&quot;link&quot;:{&quot;url&quot;:&quot;&quot;,&quot;is_external&quot;:&quot;&quot;,&quot;nofollow&quot;:&quot;&quot;,&quot;custom_attributes&quot;:&quot;&quot;},&quot;start_point&quot;:{&quot;unit&quot;:&quot;%&quot;,&quot;size&quot;:0,&quot;sizes&quot;:[]}}\" data-widget_type=\"text-path.default\">\n\t\t\t\t<div class=\"elementor-widget-container\">\n\t\t\t\t\t\t\t<div class=\"e-text-path\" data-text=\"VOTRE CONFORT, NOS SERVICES, LE MATERIEL,\" data-url=\"\/\/chezkahina.fr\/wp-content\/plugins\/elementor\/assets\/svg-paths\/circle.svg\" data-link-url=\"\"><\/div>\n\t\t\t\t\t\t<\/div>\n\t\t\t\t<\/div>\n\t\t\t\t<\/div>\n\t\t\t\t\t<\/div>\n\t\t\t\t<\/div>\n\t\t<div class=\"elementor-element elementor-element-36c5e706 e-flex e-con-boxed e-con e-parent\" data-id=\"36c5e706\" data-element_type=\"container\">\n\t\t\t\t\t<div class=\"e-con-inner\">\n\t\t\t\t<div class=\"elementor-element elementor-element-33a44c37 elementor-widget elementor-widget-heading\" data-id=\"33a44c37\" data-element_type=\"widget\" data-widget_type=\"heading.default\">\n\t\t\t\t<div class=\"elementor-widget-container\">\n\t\t\t\t\t<h2 class=\"elementor-heading-title elementor-size-default\">Services :<\/h2>\t\t\t\t<\/div>\n\t\t\t\t<\/div>\n\t\t\t\t<div class=\"elementor-element elementor-element-6997c008 elementor-widget elementor-widget-text-editor\" data-id=\"6997c008\" data-element_type=\"widget\" data-widget_type=\"text-editor.default\">\n\t\t\t\t<div class=\"elementor-widget-container\">\n\t\t\t\t\t\t\t\t\t<ul><li style=\"text-align: left;\">Acc\u00e8s internet\/wifi<\/li><li style=\"text-align: left;\">Animaux de compagnie accept\u00e9s<\/li><li style=\"text-align: left;\">Draps et linge compris<\/li><li style=\"text-align: left;\">Lits faits \u00e0 l&#8217;arriv\u00e9e<\/li><li style=\"text-align: left;\">Parking<\/li><li style=\"text-align: left;\">Local \u00e0 v\u00e9lo et pompe de crevaison<\/li><\/ul><div style=\"text-align: left;\">\u00a0<\/div>\t\t\t\t\t\t\t\t<\/div>\n\t\t\t\t<\/div>\n\t\t\t\t\t<\/div>\n\t\t\t\t<\/div>\n\t\t<div class=\"elementor-element elementor-element-448405f7 e-flex e-con-boxed e-con e-parent\" data-id=\"448405f7\" data-element_type=\"container\">\n\t\t\t\t\t<div class=\"e-con-inner\">\n\t\t\t\t<div class=\"elementor-element elementor-element-5cb5a01a elementor-widget elementor-widget-heading\" data-id=\"5cb5a01a\" data-element_type=\"widget\" data-widget_type=\"heading.default\">\n\t\t\t\t<div class=\"elementor-widget-container\">\n\t\t\t\t\t<h2 class=\"elementor-heading-title elementor-size-default\">Se restaurer <br><\/h2>\t\t\t\t<\/div>\n\t\t\t\t<\/div>\n\t\t\t\t<div class=\"elementor-element elementor-element-17453dbf elementor-widget elementor-widget-text-editor\" data-id=\"17453dbf\" data-element_type=\"widget\" data-widget_type=\"text-editor.default\">\n\t\t\t\t<div class=\"elementor-widget-container\">\n\t\t\t\t\t\t\t\t\t<ul><li style=\"text-align: left;\">Petit d\u00e9jeuner<\/li><li style=\"text-align: left;\">D\u00eener<\/li><li style=\"text-align: left;\">Cuisine autonome<\/li><\/ul><div>\u00a0<\/div>\t\t\t\t\t\t\t\t<\/div>\n\t\t\t\t<\/div>\n\t\t\t\t<div class=\"elementor-element elementor-element-11a609de elementor-widget elementor-widget-heading\" data-id=\"11a609de\" data-element_type=\"widget\" data-widget_type=\"heading.default\">\n\t\t\t\t<div class=\"elementor-widget-container\">\n\t\t\t\t\t<h2 class=\"elementor-heading-title elementor-size-default\">Espaces pluridiciplinaires : <\/h2>\t\t\t\t<\/div>\n\t\t\t\t<\/div>\n\t\t\t\t<div class=\"elementor-element elementor-element-7068d585 elementor-widget elementor-widget-text-editor\" data-id=\"7068d585\" data-element_type=\"widget\" data-widget_type=\"text-editor.default\">\n\t\t\t\t<div class=\"elementor-widget-container\">\n\t\t\t\t\t\t\t\t\t<div style=\"text-align: left;\">\u00a0<\/div><ul><li style=\"text-align: left;\">Salle de Petit d\u00e9jeuner pour se retrouver en convivialit\u00e9.<\/li><li style=\"text-align: left;\">Biblioth\u00e9que et canap\u00e9s, l&#8217;espace de paix.<\/li><li style=\"text-align: left;\">Une Jolie cour fleurie, s\u00e9curis\u00e9e et ferm\u00e9e.<\/li><li style=\"text-align: left;\">Le pr\u00e9au, l&#8217;abri de tous les temps.<\/li><li style=\"text-align: left;\">La maison des arts, compos\u00e9e d&#8217;un espace de cr\u00e9ations et d&#8217;une salle libre de 30M\u00b2.<\/li><li style=\"text-align: left;\">Etages<\/li><li style=\"text-align: left;\">14 personnes maximum<\/li><\/ul><div>\u00a0<\/div>\t\t\t\t\t\t\t\t<\/div>\n\t\t\t\t<\/div>\n\t\t\t\t<div class=\"elementor-element elementor-element-583d38a1 elementor-widget elementor-widget-heading\" data-id=\"583d38a1\" data-element_type=\"widget\" data-widget_type=\"heading.default\">\n\t\t\t\t<div class=\"elementor-widget-container\">\n\t\t\t\t\t<h2 class=\"elementor-heading-title elementor-size-default\">Le Mat\u00e9riels <\/h2>\t\t\t\t<\/div>\n\t\t\t\t<\/div>\n\t\t\t\t<div class=\"elementor-element elementor-element-722db1c0 elementor-widget elementor-widget-text-editor\" data-id=\"722db1c0\" data-element_type=\"widget\" data-widget_type=\"text-editor.default\">\n\t\t\t\t<div class=\"elementor-widget-container\">\n\t\t\t\t\t\t\t\t\t<ul><li style=\"text-align: left;\"><span style=\"color: var( --e-global-color-text ); font-family: var( --e-global-typography-text-font-family ), Sans-serif; font-weight: var( --e-global-typography-text-font-weight ); text-align: var(--text-align); background-color: transparent;\">Salon de jardin<\/span><\/li><li style=\"text-align: left;\">Bouilloire\/Cafeti\u00e8re\/Bouillote<\/li><li style=\"text-align: left;\">Vaisselles, plats, grande cocotte, lave vaisselle<\/li><li style=\"text-align: left;\">Tables et chaises<\/li><li style=\"text-align: left;\">Enceinte<\/li><\/ul><div>\u00a0<\/div>\t\t\t\t\t\t\t\t<\/div>\n\t\t\t\t<\/div>\n\t\t\t\t<div class=\"elementor-element elementor-element-5006352b elementor-widget elementor-widget-heading\" data-id=\"5006352b\" data-element_type=\"widget\" data-widget_type=\"heading.default\">\n\t\t\t\t<div class=\"elementor-widget-container\">\n\t\t\t\t\t<h2 class=\"elementor-heading-title elementor-size-default\">Pour les enfants <\/h2>\t\t\t\t<\/div>\n\t\t\t\t<\/div>\n\t\t\t\t<div class=\"elementor-element elementor-element-1a7c61e3 elementor-widget elementor-widget-text-editor\" data-id=\"1a7c61e3\" data-element_type=\"widget\" data-widget_type=\"text-editor.default\">\n\t\t\t\t<div class=\"elementor-widget-container\">\n\t\t\t\t\t\t\t\t\t<ul>\n<li style=\"text-align: left;\">1 lit parapluie<\/li>\n<li style=\"text-align: left;\">1 chaise haute<\/li>\n<li style=\"text-align: left;\">1 transat de douche<\/li>\n<li style=\"text-align: left;\">1 poussette<\/li>\n<li style=\"text-align: left;\">Livres et Jeux pour les enfants<\/li>\n<\/ul>\t\t\t\t\t\t\t\t<\/div>\n\t\t\t\t<\/div>\n\t\t\t\t\t<\/div>\n\t\t\t\t<\/div>\n\t\t<div class=\"elementor-element elementor-element-45ba9ffc e-flex e-con-boxed e-con e-parent\" data-id=\"45ba9ffc\" data-element_type=\"container\">\n\t\t\t\t\t<div class=\"e-con-inner\">\n\t\t\t\t\t<\/div>\n\t\t\t\t<\/div>\n\t\t<div class=\"elementor-element elementor-element-2c37d607 e-flex e-con-boxed e-con e-parent\" data-id=\"2c37d607\" data-element_type=\"container\">\n\t\t\t\t\t<div class=\"e-con-inner\">\n\t\t\t\t<div class=\"elementor-element elementor-element-28ccc912 elementor-view-default elementor-widget elementor-widget-icon\" data-id=\"28ccc912\" data-element_type=\"widget\" data-widget_type=\"icon.default\">\n\t\t\t\t<div class=\"elementor-widget-container\">\n\t\t\t\t\t\t\t<div class=\"elementor-icon-wrapper\">\n\t\t\t<div class=\"elementor-icon\">\n\t\t\t<svg aria-hidden=\"true\" class=\"e-font-icon-svg e-fas-star\" viewBox=\"0 0 576 512\" xmlns=\"http:\/\/www.w3.org\/2000\/svg\"><path d=\"M259.3 17.8L194 150.2 47.9 171.5c-26.2 3.8-36.7 36.1-17.7 54.6l105.7 103-25 145.5c-4.5 26.3 23.2 46 46.4 33.7L288 439.6l130.7 68.7c23.2 12.2 50.9-7.4 46.4-33.7l-25-145.5 105.7-103c19-18.5 8.5-50.8-17.7-54.6L382 150.2 316.7 17.8c-11.7-23.6-45.6-23.9-57.4 0z\"><\/path><\/svg>\t\t\t<\/div>\n\t\t<\/div>\n\t\t\t\t\t\t<\/div>\n\t\t\t\t<\/div>\n\t\t\t\t<div class=\"elementor-element elementor-element-4a40bb61 elementor-view-default elementor-widget elementor-widget-icon\" data-id=\"4a40bb61\" data-element_type=\"widget\" data-widget_type=\"icon.default\">\n\t\t\t\t<div class=\"elementor-widget-container\">\n\t\t\t\t\t\t\t<div class=\"elementor-icon-wrapper\">\n\t\t\t<div class=\"elementor-icon\">\n\t\t\t<svg aria-hidden=\"true\" class=\"e-font-icon-svg e-fas-star\" viewBox=\"0 0 576 512\" xmlns=\"http:\/\/www.w3.org\/2000\/svg\"><path d=\"M259.3 17.8L194 150.2 47.9 171.5c-26.2 3.8-36.7 36.1-17.7 54.6l105.7 103-25 145.5c-4.5 26.3 23.2 46 46.4 33.7L288 439.6l130.7 68.7c23.2 12.2 50.9-7.4 46.4-33.7l-25-145.5 105.7-103c19-18.5 8.5-50.8-17.7-54.6L382 150.2 316.7 17.8c-11.7-23.6-45.6-23.9-57.4 0z\"><\/path><\/svg>\t\t\t<\/div>\n\t\t<\/div>\n\t\t\t\t\t\t<\/div>\n\t\t\t\t<\/div>\n\t\t\t\t<div class=\"elementor-element elementor-element-19e461b1 elementor-view-default elementor-widget elementor-widget-icon\" data-id=\"19e461b1\" data-element_type=\"widget\" data-widget_type=\"icon.default\">\n\t\t\t\t<div class=\"elementor-widget-container\">\n\t\t\t\t\t\t\t<div class=\"elementor-icon-wrapper\">\n\t\t\t<div class=\"elementor-icon\">\n\t\t\t<svg aria-hidden=\"true\" class=\"e-font-icon-svg e-fas-star\" viewBox=\"0 0 576 512\" xmlns=\"http:\/\/www.w3.org\/2000\/svg\"><path d=\"M259.3 17.8L194 150.2 47.9 171.5c-26.2 3.8-36.7 36.1-17.7 54.6l105.7 103-25 145.5c-4.5 26.3 23.2 46 46.4 33.7L288 439.6l130.7 68.7c23.2 12.2 50.9-7.4 46.4-33.7l-25-145.5 105.7-103c19-18.5 8.5-50.8-17.7-54.6L382 150.2 316.7 17.8c-11.7-23.6-45.6-23.9-57.4 0z\"><\/path><\/svg>\t\t\t<\/div>\n\t\t<\/div>\n\t\t\t\t\t\t<\/div>\n\t\t\t\t<\/div>\n\t\t\t\t\t<\/div>\n\t\t\t\t<\/div>\n\t\t<div class=\"elementor-element elementor-element-5c94c9f e-flex e-con-boxed e-con e-parent\" data-id=\"5c94c9f\" data-element_type=\"container\">\n\t\t\t\t\t<div class=\"e-con-inner\">\n\t\t\t\t\t<\/div>\n\t\t\t\t<\/div>\n\t\t\t\t<\/div>\n\t\t","protected":false},"excerpt":{"rendered":"<p>Pour vous servir ! VOTRE CONFORT, NOS SERVICES, LE MATERIEL Services : Acc\u00e8s internet\/wifi Animaux de compagnie accept\u00e9s Draps et linge compris Lits faits \u00e0 l&#8217;arriv\u00e9e Parking Local \u00e0 v\u00e9lo&#8230;<\/p>\n","protected":false},"author":1,"featured_media":0,"parent":0,"menu_order":0,"comment_status":"closed","ping_status":"closed","template":"","meta":{"_kadence_starter_templates_imported_post":true,"_kad_post_transparent":"","_kad_post_title":"hide","_kad_post_layout":"fullwidth","_kad_post_sidebar_id":"","_kad_post_content_style":"unboxed","_kad_post_vertical_padding":"hide","_kad_post_feature":"hide","_kad_post_feature_position":"","_kad_post_header":false,"_kad_post_footer":false,"footnotes":""},"class_list":["post-382","page","type-page","status-publish","hentry"],"_links":{"self":[{"href":"https:\/\/chezkahina.fr\/index.php?rest_route=\/wp\/v2\/pages\/382","targetHints":{"allow":["GET"]}}],"collection":[{"href":"https:\/\/chezkahina.fr\/index.php?rest_route=\/wp\/v2\/pages"}],"about":[{"href":"https:\/\/chezkahina.fr\/index.php?rest_route=\/wp\/v2\/types\/page"}],"author":[{"embeddable":true,"href":"https:\/\/chezkahina.fr\/index.php?rest_route=\/wp\/v2\/users\/1"}],"replies":[{"embeddable":true,"href":"https:\/\/chezkahina.fr\/index.php?rest_route=%2Fwp%2Fv2%2Fcomments&post=382"}],"version-history":[{"count":79,"href":"https:\/\/chezkahina.fr\/index.php?rest_route=\/wp\/v2\/pages\/382\/revisions"}],"predecessor-version":[{"id":1611,"href":"https:\/\/chezkahina.fr\/index.php?rest_route=\/wp\/v2\/pages\/382\/revisions\/1611"}],"wp:attachment":[{"href":"https:\/\/chezkahina.fr\/index.php?rest_route=%2Fwp%2Fv2%2Fmedia&parent=382"}],"curies":[{"name":"wp","href":"https:\/\/api.w.org\/{rel}","templated":true}]}}